{"id":68,"date":"2019-06-02T22:47:10","date_gmt":"2019-06-02T20:47:10","guid":{"rendered":"http:\/\/wolliballa.bplaced.net\/wordpress\/?page_id=68"},"modified":"2023-11-11T16:42:34","modified_gmt":"2023-11-11T15:42:34","slug":"optimisten","status":"publish","type":"page","link":"https:\/\/scvm-volleyball.de\/?page_id=68","title":{"rendered":"Optimisten"},"content":{"rendered":"\n<figure class=\"wp-block-image size-large\"><img decoding=\"async\" width=\"600\" height=\"450\" src=\"https:\/\/scvm-volleyball.de\/wordpress\/wp-content\/uploads\/2022\/05\/20220411_195858-600x450.jpg\" alt=\"\" class=\"wp-image-1316\" srcset=\"https:\/\/scvm-volleyball.de\/wordpress\/wp-content\/uploads\/2022\/05\/20220411_195858-600x450.jpg 600w, https:\/\/scvm-volleyball.de\/wordpress\/wp-content\/uploads\/2022\/05\/20220411_195858-300x225.jpg 300w, https:\/\/scvm-volleyball.de\/wordpress\/wp-content\/uploads\/2022\/05\/20220411_195858-768x576.jpg 768w, https:\/\/scvm-volleyball.de\/wordpress\/wp-content\/uploads\/2022\/05\/20220411_195858-1536x1152.jpg 1536w, https:\/\/scvm-volleyball.de\/wordpress\/wp-content\/uploads\/2022\/05\/20220411_195858-2048x1536.jpg 2048w\" sizes=\"(max-width: 600px) 100vw, 600px\" \/><\/figure>\n\n\n\n<p>Begonnen hat alles als Damenmannschaft, woraus sich eine Mixed-Mannschaft entwickelte. Gern w\u00fcrde sich die Gruppe verst\u00e4rken.<br>Jeder Trainingsabend endet in gem\u00fctlicher Runde!<br>Die Optimisten spielen im Spielbetrieb <a href=\"https:\/\/scvm-volleyball.de\/?page_id=1212\" data-type=\"page\" data-id=\"1212\">Billerunde<\/a> und einige Turniere. <\/p>\n\n\n\n<figure class=\"wp-block-table\"><table><tbody><tr><td>Trainingszeit<\/td><td>Montags 19:30-21:30<\/td><\/tr><tr><td>Kontakt<\/td><td><a href=\"https:\/\/scvm-volleyball.de\/wordpress\/?page_id=32\">Gundolf Witthoeft<\/a><\/td><\/tr><tr><td>Halle<\/td><td><a href=\"https:\/\/scvm-volleyball.de\/wordpress\/?page_id=27\">Sporthalle F\u00fcnfhausen<\/a><\/td><\/tr><tr><td>Team-Alter<\/td><td>ab 18 Jahre<\/td><\/tr><tr><td>Ambition<\/td><td>Hobby Mixed<\/td><\/tr><\/tbody><\/table><\/figure>\n","protected":false},"excerpt":{"rendered":"<p>Begonnen hat alles als Damenmannschaft, woraus sich eine Mixed-Mannschaft entwickelte. Gern w\u00fcrde sich die Gruppe verst\u00e4rken.Jeder Trainingsabend endet in gem\u00fctlicher Runde!Die Optimisten spielen im Spielbetrieb Billerunde und einige Turniere. Trainingszeit Montags 19:30-21:30 Kontakt Gundolf Witthoeft Halle Sporthalle F\u00fcnfhausen Team-Alter ab 18 Jahre Ambition Hobby Mixed<\/p>\n","protected":false},"author":1,"featured_media":0,"parent":19,"menu_order":20,"comment_status":"open","ping_status":"closed","template":"","meta":{"footnotes":""},"class_list":["post-68","page","type-page","status-publish","hentry"],"post_mailing_queue_ids":[],"_links":{"self":[{"href":"https:\/\/scvm-volleyball.de\/index.php?rest_route=\/wp\/v2\/pages\/68","targetHints":{"allow":["GET"]}}],"collection":[{"href":"https:\/\/scvm-volleyball.de\/index.php?rest_route=\/wp\/v2\/pages"}],"about":[{"href":"https:\/\/scvm-volleyball.de\/index.php?rest_route=\/wp\/v2\/types\/page"}],"author":[{"embeddable":true,"href":"https:\/\/scvm-volleyball.de\/index.php?rest_route=\/wp\/v2\/users\/1"}],"replies":[{"embeddable":true,"href":"https:\/\/scvm-volleyball.de\/index.php?rest_route=%2Fwp%2Fv2%2Fcomments&post=68"}],"version-history":[{"count":15,"href":"https:\/\/scvm-volleyball.de\/index.php?rest_route=\/wp\/v2\/pages\/68\/revisions"}],"predecessor-version":[{"id":1829,"href":"https:\/\/scvm-volleyball.de\/index.php?rest_route=\/wp\/v2\/pages\/68\/revisions\/1829"}],"up":[{"embeddable":true,"href":"https:\/\/scvm-volleyball.de\/index.php?rest_route=\/wp\/v2\/pages\/19"}],"wp:attachment":[{"href":"https:\/\/scvm-volleyball.de\/index.php?rest_route=%2Fwp%2Fv2%2Fmedia&parent=68"}],"curies":[{"name":"wp","href":"https:\/\/api.w.org\/{rel}","templated":true}]}}