{"id":2186,"date":"2025-07-24T19:57:05","date_gmt":"2025-07-24T17:57:05","guid":{"rendered":"https:\/\/scvm-volleyball.de\/?page_id=2186"},"modified":"2025-07-24T19:57:05","modified_gmt":"2025-07-24T17:57:05","slug":"u14-volleyballer-ochsenwerder-fuer-6-7-klasse","status":"publish","type":"page","link":"https:\/\/scvm-volleyball.de\/?page_id=2186","title":{"rendered":"U14 Volleyballer Ochsenwerder f\u00fcr 6. &amp; 7. Klasse"},"content":{"rendered":"\n<p>Die Gruppe richtet sich an Sechst- und Siebent-Kl\u00e4ssler, welche bestm\u00f6glich bereits Erfahrungen mit den Volleyball-Grundtechniken erlangt haben und ihr K\u00f6nnen unter Beweis stellen m\u00f6chten. F\u00fcr beide Klassenstufen ist die Teilnahme an den Hamburger Meisterschaften U14\/U15 sowie Jugendliga 4 als Trainingsziel angedacht. Die Fortbildung der Grundtechniken, gekoppelt mit den Erfahrungen im Wettkampf, dienen als Grundlage f\u00fcr weitere taktische \u00dcberlegungen und Systemerweiterungen auf das 4 vs. 4 Midi-Volleyball.<\/p>\n\n\n\n<figure class=\"wp-block-table\"><table><tbody><tr><td>Trainingszeit<\/td><td>Freitag  17-19 Uhr<\/td><\/tr><tr><td>Kontakt<\/td><td><a href=\"https:\/\/scvm-volleyball.de\/?page_id=32\" data-type=\"page\" data-id=\"32\">Stefan Bulgrin<\/a><\/td><\/tr><tr><td>Halle<\/td><td><a href=\"https:\/\/scvm-volleyball.de\/wordpress\/?page_id=27\">Halle Ochsenwerder<\/a><\/td><\/tr><tr><td>Team-Alter<\/td><td>6. Kl.\/7.Kl., d.h. ca. 12-14 Jahre<\/td><\/tr><tr><td>Ambition<\/td><td>Verbesserung von Volleyballer*innen<\/td><\/tr><\/tbody><\/table><\/figure>\n","protected":false},"excerpt":{"rendered":"<p>Die Gruppe richtet sich an Sechst- und Siebent-Kl\u00e4ssler, welche bestm\u00f6glich bereits Erfahrungen mit den Volleyball-Grundtechniken erlangt haben und ihr K\u00f6nnen unter Beweis stellen m\u00f6chten. F\u00fcr beide Klassenstufen ist die Teilnahme an den Hamburger Meisterschaften U14\/U15 sowie Jugendliga 4 als Trainingsziel angedacht. Die Fortbildung der Grundtechniken, gekoppelt mit den Erfahrungen im Wettkampf, dienen als Grundlage f\u00fcr &hellip; <\/p>\n<p class=\"link-more\"><a href=\"https:\/\/scvm-volleyball.de\/?page_id=2186\" class=\"more-link\"><span class=\"screen-reader-text\">\u201eU14 Volleyballer Ochsenwerder f\u00fcr 6. &amp; 7. Klasse\u201c <\/span>weiterlesen<\/a><\/p>\n","protected":false},"author":1,"featured_media":2184,"parent":19,"menu_order":0,"comment_status":"closed","ping_status":"closed","template":"","meta":{"footnotes":""},"class_list":["post-2186","page","type-page","status-publish","has-post-thumbnail","hentry"],"post_mailing_queue_ids":[],"_links":{"self":[{"href":"https:\/\/scvm-volleyball.de\/index.php?rest_route=\/wp\/v2\/pages\/2186","targetHints":{"allow":["GET"]}}],"collection":[{"href":"https:\/\/scvm-volleyball.de\/index.php?rest_route=\/wp\/v2\/pages"}],"about":[{"href":"https:\/\/scvm-volleyball.de\/index.php?rest_route=\/wp\/v2\/types\/page"}],"author":[{"embeddable":true,"href":"https:\/\/scvm-volleyball.de\/index.php?rest_route=\/wp\/v2\/users\/1"}],"replies":[{"embeddable":true,"href":"https:\/\/scvm-volleyball.de\/index.php?rest_route=%2Fwp%2Fv2%2Fcomments&post=2186"}],"version-history":[{"count":4,"href":"https:\/\/scvm-volleyball.de\/index.php?rest_route=\/wp\/v2\/pages\/2186\/revisions"}],"predecessor-version":[{"id":2226,"href":"https:\/\/scvm-volleyball.de\/index.php?rest_route=\/wp\/v2\/pages\/2186\/revisions\/2226"}],"up":[{"embeddable":true,"href":"https:\/\/scvm-volleyball.de\/index.php?rest_route=\/wp\/v2\/pages\/19"}],"wp:featuredmedia":[{"embeddable":true,"href":"https:\/\/scvm-volleyball.de\/index.php?rest_route=\/wp\/v2\/media\/2184"}],"wp:attachment":[{"href":"https:\/\/scvm-volleyball.de\/index.php?rest_route=%2Fwp%2Fv2%2Fmedia&parent=2186"}],"curies":[{"name":"wp","href":"https:\/\/api.w.org\/{rel}","templated":true}]}}