{"id":19,"date":"2019-06-02T19:23:50","date_gmt":"2019-06-02T17:23:50","guid":{"rendered":"http:\/\/wolliballa.bplaced.net\/wordpress\/?page_id=19"},"modified":"2026-02-13T19:32:42","modified_gmt":"2026-02-13T18:32:42","slug":"mannschaften","status":"publish","type":"page","link":"https:\/\/scvm-volleyball.de\/?page_id=19","title":{"rendered":"Mannschaften\/Termine"},"content":{"rendered":"\n<p>Bei uns sind folgende Mannschaften aktiv, finde hier das passende Team f\u00fcr Dich:<\/p>\n\n\n<form  class=\"is-search-form is-form-style is-form-style-3 is-form-id-496 \" action=\"https:\/\/scvm-volleyball.de\/\" method=\"get\" role=\"search\" ><label for=\"is-search-input-496\"><span class=\"is-screen-reader-text\">Search for:<\/span><input  type=\"search\" id=\"is-search-input-496\" name=\"s\" value=\"\" class=\"is-search-input\" placeholder=\"Suchbegriff z.B. Damen\/Herren\/Mixed, Liga\/Hobby, Halle, Wochentag...\" autocomplete=off \/><\/label><button type=\"submit\" class=\"is-search-submit\"><span class=\"is-screen-reader-text\">Search Button<\/span><span class=\"is-search-icon\"><svg focusable=\"false\" aria-label=\"Search\" xmlns=\"http:\/\/www.w3.org\/2000\/svg\" viewBox=\"0 0 24 24\" width=\"24px\"><path d=\"M15.5 14h-.79l-.28-.27C15.41 12.59 16 11.11 16 9.5 16 5.91 13.09 3 9.5 3S3 5.91 3 9.5 5.91 16 9.5 16c1.61 0 3.09-.59 4.23-1.57l.27.28v.79l5 4.99L20.49 19l-4.99-5zm-6 0C7.01 14 5 11.99 5 9.5S7.01 5 9.5 5 14 7.01 14 9.5 11.99 14 9.5 14z\"><\/path><\/svg><\/span><\/button><input type=\"hidden\" name=\"id\" value=\"496\" \/><input type=\"hidden\" name=\"post_type\" value=\"page\" \/><\/form>\n\n\n\n<p><\/p>\n\n\n\n<div class=\"wp-block-columns is-layout-flex wp-container-core-columns-is-layout-9d6595d7 wp-block-columns-is-layout-flex\">\n<div class=\"wp-block-column is-layout-flow wp-block-column-is-layout-flow\" style=\"flex-basis:100%\">\n<figure class=\"wp-block-table aligncenter\"><table class=\"has-fixed-layout\"><tbody><tr><td class=\"has-text-align-center\" data-align=\"center\"><\/td><td><strong>Team<\/strong><\/td><td><strong>Tag und Uhrzeit<\/strong><\/td><td><strong><a href=\"https:\/\/scvm-volleyball.de\/?page_id=27\" data-type=\"page\" data-id=\"27\">Halle<\/a><\/strong><\/td><\/tr><tr><td class=\"has-text-align-center\" data-align=\"center\"><a href=\"https:\/\/scvm-volleyball.de\/?page_id=153\"><img decoding=\"async\" width=\"150\" height=\"106\" class=\"wp-image-2064\" style=\"width: 150px;\" src=\"https:\/\/scvm-volleyball.de\/wordpress\/wp-content\/uploads\/2024\/09\/20240919_210140.jpg\" alt=\"\" srcset=\"https:\/\/scvm-volleyball.de\/wordpress\/wp-content\/uploads\/2024\/09\/20240919_210140.jpg 600w, https:\/\/scvm-volleyball.de\/wordpress\/wp-content\/uploads\/2024\/09\/20240919_210140-300x211.jpg 300w\" sizes=\"(max-width: 150px) 100vw, 150px\" \/><\/a><\/td><td><a href=\"https:\/\/scvm-volleyball.de\/wordpress\/?page_id=153\">Herren<\/a><\/td><td>Donnerstag 19:00<\/td><td>Halle Ochsenwerder<\/td><\/tr><tr><td class=\"has-text-align-center\" data-align=\"center\"><img decoding=\"async\" width=\"150\" height=\"100\" class=\"wp-image-2220\" style=\"width: 150px;\" src=\"https:\/\/scvm-volleyball.de\/wordpress\/wp-content\/uploads\/2025\/07\/2027-07-SCVM_Damen_014.jpg\" alt=\"\" srcset=\"https:\/\/scvm-volleyball.de\/wordpress\/wp-content\/uploads\/2025\/07\/2027-07-SCVM_Damen_014.jpg 600w, https:\/\/scvm-volleyball.de\/wordpress\/wp-content\/uploads\/2025\/07\/2027-07-SCVM_Damen_014-300x200.jpg 300w\" sizes=\"(max-width: 150px) 100vw, 150px\" \/><\/td><td><a href=\"https:\/\/scvm-volleyball.de\/wordpress\/?page_id=236\">Damen<\/a><\/td><td>Montag 20:00<br>Mittwoch 19:30<\/td><td>Sommer: Sporthalle F\u00fcnfhausen<br>Winter: Halle Ochsenwerder<\/td><\/tr><tr><td class=\"has-text-align-center\" data-align=\"center\"> <a href=\"https:\/\/scvm-volleyball.de\/wordpress\/?page_id=132\"> <\/a><a href=\"https:\/\/scvm-volleyball.de\/?page_id=132\"><img decoding=\"async\" width=\"150\" height=\"84\" class=\"wp-image-670\" style=\"width: 150px;\" alt=\"\" src=\"https:\/\/scvm-volleyball.de\/wordpress\/wp-content\/uploads\/2020\/01\/IMG-20200104-WA0002.jpg\" srcset=\"https:\/\/scvm-volleyball.de\/wordpress\/wp-content\/uploads\/2020\/01\/IMG-20200104-WA0002.jpg 1599w, https:\/\/scvm-volleyball.de\/wordpress\/wp-content\/uploads\/2020\/01\/IMG-20200104-WA0002-300x169.jpg 300w, https:\/\/scvm-volleyball.de\/wordpress\/wp-content\/uploads\/2020\/01\/IMG-20200104-WA0002-1024x576.jpg 1024w, https:\/\/scvm-volleyball.de\/wordpress\/wp-content\/uploads\/2020\/01\/IMG-20200104-WA0002-768x432.jpg 768w, https:\/\/scvm-volleyball.de\/wordpress\/wp-content\/uploads\/2020\/01\/IMG-20200104-WA0002-1536x864.jpg 1536w\" sizes=\"(max-width: 150px) 100vw, 150px\" \/> <\/a> <\/td><td>\n\t\t\t\t<a href=\"https:\/\/scvm-volleyball.de\/wordpress\/?page_id=132\">Volleyspiekers<\/a>\n\t\t\t<\/td><td>Dienstag 19:00<\/td><td>Halle F\u00fcnfhausen<\/td><\/tr><tr><td class=\"has-text-align-center\" data-align=\"center\"> <a href=\"https:\/\/scvm-volleyball.de\/?page_id=1192\" data-type=\"page\" data-id=\"1192\"><img decoding=\"async\" width=\"150\" height=\"113\" class=\"wp-image-1826\" style=\"width: 150px;\" src=\"https:\/\/scvm-volleyball.de\/wordpress\/wp-content\/uploads\/2023\/11\/20231026_203401.jpg\" alt=\"\" srcset=\"https:\/\/scvm-volleyball.de\/wordpress\/wp-content\/uploads\/2023\/11\/20231026_203401.jpg 600w, https:\/\/scvm-volleyball.de\/wordpress\/wp-content\/uploads\/2023\/11\/20231026_203401-300x225.jpg 300w\" sizes=\"(max-width: 150px) 100vw, 150px\" \/><\/a><\/td><td><a href=\"https:\/\/scvm-volleyball.de\/?page_id=1192\" data-type=\"page\" data-id=\"1192\">Yellowrados<\/a><\/td><td>Donnerstag 19:30<\/td><td>Halle F\u00fcnfhausen<\/td><\/tr><tr><td class=\"has-text-align-center\" data-align=\"center\"> <a href=\"https:\/\/scvm-volleyball.de\/wordpress\/?page_id=68\"> <\/a><img decoding=\"async\" width=\"150\" height=\"113\" class=\"wp-image-1316\" style=\"width: 150px;\" src=\"https:\/\/scvm-volleyball.de\/wordpress\/wp-content\/uploads\/2022\/05\/20220411_195858-scaled.jpg\" alt=\"\" srcset=\"https:\/\/scvm-volleyball.de\/wordpress\/wp-content\/uploads\/2022\/05\/20220411_195858-scaled.jpg 2560w, https:\/\/scvm-volleyball.de\/wordpress\/wp-content\/uploads\/2022\/05\/20220411_195858-300x225.jpg 300w, https:\/\/scvm-volleyball.de\/wordpress\/wp-content\/uploads\/2022\/05\/20220411_195858-600x450.jpg 600w, https:\/\/scvm-volleyball.de\/wordpress\/wp-content\/uploads\/2022\/05\/20220411_195858-768x576.jpg 768w, https:\/\/scvm-volleyball.de\/wordpress\/wp-content\/uploads\/2022\/05\/20220411_195858-1536x1152.jpg 1536w, https:\/\/scvm-volleyball.de\/wordpress\/wp-content\/uploads\/2022\/05\/20220411_195858-2048x1536.jpg 2048w\" sizes=\"(max-width: 150px) 100vw, 150px\" \/><a href=\"https:\/\/scvm-volleyball.de\/wordpress\/?page_id=68\"> <\/a> <\/td><td>\n\t\t\t\t<a href=\"https:\/\/scvm-volleyball.de\/wordpress\/?page_id=68\">Optimisten<\/a>\n\t\t\t<\/td><td>Montag 19:30<\/td><td>Halle F\u00fcnfhausen<\/td><\/tr><tr><td class=\"has-text-align-center\" data-align=\"center\"><a href=\"https:\/\/scvm-volleyball.de\/wordpress\/?page_id=148\"><img decoding=\"async\" width=\"150\" height=\"89\" class=\"wp-image-55\" style=\"width: 150px;\" src=\"https:\/\/scvm-volleyball.de\/wordpress\/wp-content\/uploads\/2019\/06\/2_2000_F3_EM_300_177.jpg\" alt=\"\"><\/a><\/td><td> <a href=\"https:\/\/scvm-volleyball.de\/wordpress\/?page_id=148\">R\u00fcckenkr\u00fccken<\/a> <\/td><td>Dienstag 20:00<\/td><td>Halle F\u00fcnfhausen<\/td><\/tr><tr><td class=\"has-text-align-center\" data-align=\"center\"><a href=\"https:\/\/scvm-volleyball.de\/wordpress\/?page_id=75\"> <\/a><img decoding=\"async\" width=\"150\" height=\"100\" class=\"wp-image-2105\" style=\"width: 150px;\" src=\"https:\/\/scvm-volleyball.de\/wordpress\/wp-content\/uploads\/2024\/11\/Volleyball-Jugend.jpg\" alt=\"\" srcset=\"https:\/\/scvm-volleyball.de\/wordpress\/wp-content\/uploads\/2024\/11\/Volleyball-Jugend.jpg 600w, https:\/\/scvm-volleyball.de\/wordpress\/wp-content\/uploads\/2024\/11\/Volleyball-Jugend-300x200.jpg 300w\" sizes=\"(max-width: 150px) 100vw, 150px\" \/><a href=\"https:\/\/scvm-volleyball.de\/wordpress\/?page_id=75\"> <\/a><\/td><td><a href=\"https:\/\/scvm-volleyball.de\/wordpress\/?page_id=75\">Volleyball Jugend 12-15 Jahre<\/a><\/td><td>Dienstag 17:00<\/td><td>Halle F\u00fcnfhausen<\/td><\/tr><tr><td class=\"has-text-align-center\" data-align=\"center\"><img decoding=\"async\" width=\"150\" height=\"112\" class=\"wp-image-2257\" style=\"width: 150px;\" src=\"https:\/\/scvm-volleyball.de\/wordpress\/wp-content\/uploads\/2026\/02\/TechnikUTaktikTraining.jpg\" alt=\"\" srcset=\"https:\/\/scvm-volleyball.de\/wordpress\/wp-content\/uploads\/2026\/02\/TechnikUTaktikTraining.jpg 519w, https:\/\/scvm-volleyball.de\/wordpress\/wp-content\/uploads\/2026\/02\/TechnikUTaktikTraining-300x225.jpg 300w\" sizes=\"(max-width: 150px) 100vw, 150px\" \/><\/td><td><a href=\"https:\/\/scvm-volleyball.de\/?page_id=2252\" data-type=\"page\" data-id=\"2252\">Technik- und Taktiktraining<\/a><\/td><td>Mittwoch 20:00<\/td><td>Halle F\u00fcnfhausen<\/td><\/tr><tr><td class=\"has-text-align-center\" data-align=\"center\"><a href=\"https:\/\/scvm-volleyball.de\/?page_id=802\" data-type=\"page\" data-id=\"802\"><img decoding=\"async\" width=\"150\" height=\"84\" class=\"wp-image-2020\" style=\"width: 150px;\" src=\"https:\/\/scvm-volleyball.de\/wordpress\/wp-content\/uploads\/2024\/08\/Ballsportgruppe_20211216.jpg\" alt=\"\" srcset=\"https:\/\/scvm-volleyball.de\/wordpress\/wp-content\/uploads\/2024\/08\/Ballsportgruppe_20211216.jpg 600w, https:\/\/scvm-volleyball.de\/wordpress\/wp-content\/uploads\/2024\/08\/Ballsportgruppe_20211216-300x169.jpg 300w\" sizes=\"(max-width: 150px) 100vw, 150px\" \/><\/a><\/td><td><a href=\"https:\/\/scvm-volleyball.de\/?page_id=802\" data-type=\"page\" data-id=\"802\">Ballsportgruppe Ochsenwerder VSK &amp; 1. Klasse<\/a><\/td><td>Donnerstag 16:00<\/td><td>Halle Ochsenwerder<\/td><\/tr><tr><td class=\"has-text-align-center\" data-align=\"center\"><a href=\"https:\/\/scvm-volleyball.de\/?page_id=1702\" data-type=\"page\" data-id=\"1702\"><img decoding=\"async\" width=\"150\" height=\"100\" class=\"wp-image-2018\" style=\"width: 150px;\" src=\"https:\/\/scvm-volleyball.de\/wordpress\/wp-content\/uploads\/2024\/08\/U10-Volleyballer_20230921.jpg\" alt=\"\" srcset=\"https:\/\/scvm-volleyball.de\/wordpress\/wp-content\/uploads\/2024\/08\/U10-Volleyballer_20230921.jpg 600w, https:\/\/scvm-volleyball.de\/wordpress\/wp-content\/uploads\/2024\/08\/U10-Volleyballer_20230921-300x200.jpg 300w\" sizes=\"(max-width: 150px) 100vw, 150px\" \/><\/a><\/td><td><a href=\"https:\/\/scvm-volleyball.de\/?page_id=1702\" data-type=\"page\" data-id=\"1702\">U10 Volleyballer Ochsenwerder 2. &amp; 3. Klasse<\/a><\/td><td>Donnerstag 17:00<\/td><td>Halle Ochsenwerder<\/td><\/tr><tr><td class=\"has-text-align-center\" data-align=\"center\"><a href=\"https:\/\/scvm-volleyball.de\/?page_id=1704\" data-type=\"page\" data-id=\"1704\"><img decoding=\"async\" width=\"150\" height=\"85\" class=\"wp-image-2019\" style=\"width: 150px;\" src=\"https:\/\/scvm-volleyball.de\/wordpress\/wp-content\/uploads\/2024\/08\/U12-Volleyballer_20231012.jpg\" alt=\"\" srcset=\"https:\/\/scvm-volleyball.de\/wordpress\/wp-content\/uploads\/2024\/08\/U12-Volleyballer_20231012.jpg 600w, https:\/\/scvm-volleyball.de\/wordpress\/wp-content\/uploads\/2024\/08\/U12-Volleyballer_20231012-300x169.jpg 300w\" sizes=\"(max-width: 150px) 100vw, 150px\" \/><\/a><\/td><td><a href=\"https:\/\/scvm-volleyball.de\/?page_id=1704\" data-type=\"page\" data-id=\"1704\">U12 Volleyballer Ochsenwerder f\u00fcr 4. &amp; 5. Klasse<\/a><\/td><td>Donnerstag 18:00<\/td><td>Halle Ochsenwerder<\/td><\/tr><tr><td class=\"has-text-align-center\" data-align=\"center\"><img decoding=\"async\" width=\"150\" height=\"84\" class=\"wp-image-2184\" style=\"width: 150px;\" src=\"https:\/\/scvm-volleyball.de\/wordpress\/wp-content\/uploads\/2025\/07\/2025-07-U14-Ochsenwerder.jpg\" alt=\"\" srcset=\"https:\/\/scvm-volleyball.de\/wordpress\/wp-content\/uploads\/2025\/07\/2025-07-U14-Ochsenwerder.jpg 600w, https:\/\/scvm-volleyball.de\/wordpress\/wp-content\/uploads\/2025\/07\/2025-07-U14-Ochsenwerder-300x169.jpg 300w\" sizes=\"(max-width: 150px) 100vw, 150px\" \/><\/td><td><a href=\"https:\/\/scvm-volleyball.de\/?page_id=2186\" data-type=\"page\" data-id=\"2186\">U14 Volleyballer Ochsenwerder f\u00fcr 6. &amp; 7. Klasse<\/a><\/td><td>Freitag 17:00<\/td><td>Halle Ochsenwerder<\/td><\/tr><tr><td class=\"has-text-align-center\" data-align=\"center\"><img decoding=\"async\" width=\"150\" height=\"113\" class=\"wp-image-2293\" style=\"width: 150px;\" src=\"https:\/\/scvm-volleyball.de\/wordpress\/wp-content\/uploads\/2026\/02\/uvolleykidsquer.jpg\" alt=\"\" srcset=\"https:\/\/scvm-volleyball.de\/wordpress\/wp-content\/uploads\/2026\/02\/uvolleykidsquer.jpg 406w, https:\/\/scvm-volleyball.de\/wordpress\/wp-content\/uploads\/2026\/02\/uvolleykidsquer-300x226.jpg 300w\" sizes=\"(max-width: 150px) 100vw, 150px\" \/><\/td><td><a href=\"https:\/\/scvm-volleyball.de\/?page_id=2280\" data-type=\"page\" data-id=\"2280\">U10 Volleyball Kids F\u00fcnfhausen 2. &amp; 3. Klasse<\/a><\/td><td>Freitag 16:00<\/td><td>Halle F\u00fcnfhausen<\/td><\/tr><tr><td class=\"has-text-align-center\" data-align=\"center\"><a href=\"https:\/\/scvm-volleyball.de\/?page_id=1862\" data-type=\"page\" data-id=\"1862\"><img decoding=\"async\" width=\"150\" height=\"100\" class=\"wp-image-1880\" style=\"width: 150px;\" src=\"https:\/\/scvm-volleyball.de\/wordpress\/wp-content\/uploads\/2023\/12\/Jugend-Zollenspieker.jpg\" alt=\"\" srcset=\"https:\/\/scvm-volleyball.de\/wordpress\/wp-content\/uploads\/2023\/12\/Jugend-Zollenspieker.jpg 600w, https:\/\/scvm-volleyball.de\/wordpress\/wp-content\/uploads\/2023\/12\/Jugend-Zollenspieker-300x201.jpg 300w\" sizes=\"(max-width: 150px) 100vw, 150px\" \/><\/a><\/td><td><a href=\"https:\/\/scvm-volleyball.de\/?page_id=1862\" data-type=\"page\" data-id=\"1862\">U12 Volleyball Kids 5hausen 4. &amp; 5. Klasse<\/a><\/td><td>Freitag 16:00<\/td><td>Halle F\u00fcnfhausen<\/td><\/tr><tr><td class=\"has-text-align-center\" data-align=\"center\"><img decoding=\"async\" width=\"150\" height=\"100\" class=\"wp-image-2105\" style=\"width: 150px;\" src=\"https:\/\/scvm-volleyball.de\/wordpress\/wp-content\/uploads\/2024\/11\/Volleyball-Jugend.jpg\" alt=\"\" srcset=\"https:\/\/scvm-volleyball.de\/wordpress\/wp-content\/uploads\/2024\/11\/Volleyball-Jugend.jpg 600w, https:\/\/scvm-volleyball.de\/wordpress\/wp-content\/uploads\/2024\/11\/Volleyball-Jugend-300x200.jpg 300w\" sizes=\"(max-width: 150px) 100vw, 150px\" \/><\/td><td><a href=\"https:\/\/scvm-volleyball.de\/?page_id=1864\" data-type=\"page\" data-id=\"1864\">Volleyball Jugend 12-15 Jahre<\/a><\/td><td>Freitag 17:30<\/td><td>Halle F\u00fcnfhausen<\/td><\/tr><tr><td class=\"has-text-align-center\" data-align=\"center\"><a href=\"https:\/\/scvm-volleyball.de\/wordpress\/?page_id=212\"><img decoding=\"async\" width=\"150\" height=\"103\" class=\"wp-image-184\" style=\"width: 150px;\" src=\"https:\/\/scvm-volleyball.de\/wordpress\/wp-content\/uploads\/2019\/06\/Bild4-1.jpg\" alt=\"\" srcset=\"https:\/\/scvm-volleyball.de\/wordpress\/wp-content\/uploads\/2019\/06\/Bild4-1.jpg 340w, https:\/\/scvm-volleyball.de\/wordpress\/wp-content\/uploads\/2019\/06\/Bild4-1-300x206.jpg 300w\" sizes=\"(max-width: 150px) 100vw, 150px\" \/><\/a><\/td><td><a href=\"https:\/\/scvm-volleyball.de\/wordpress\/?page_id=212\">Sonntags-Beachen<\/a><\/td><td>Mai-Oktober Sonntag 10:00<\/td><td>Beachfelder F\u00fcnfhausen<\/td><\/tr><\/tbody><\/table><\/figure>\n<\/div>\n<\/div>\n\n\n\n<p><\/p>\n","protected":false},"excerpt":{"rendered":"<p>Bei uns sind folgende Mannschaften aktiv, finde hier das passende Team f\u00fcr Dich: Team Tag und Uhrzeit Halle Herren Donnerstag 19:00 Halle Ochsenwerder Damen Montag 20:00Mittwoch 19:30 Sommer: Sporthalle F\u00fcnfhausenWinter: Halle Ochsenwerder Volleyspiekers Dienstag 19:00 Halle F\u00fcnfhausen Yellowrados Donnerstag 19:30 Halle F\u00fcnfhausen Optimisten Montag 19:30 Halle F\u00fcnfhausen R\u00fcckenkr\u00fccken Dienstag 20:00 Halle F\u00fcnfhausen Volleyball Jugend 12-15 &hellip; <\/p>\n<p class=\"link-more\"><a href=\"https:\/\/scvm-volleyball.de\/?page_id=19\" class=\"more-link\"><span class=\"screen-reader-text\">\u201eMannschaften\/Termine\u201c <\/span>weiterlesen<\/a><\/p>\n","protected":false},"author":1,"featured_media":0,"parent":5,"menu_order":0,"comment_status":"open","ping_status":"closed","template":"","meta":{"footnotes":""},"class_list":["post-19","page","type-page","status-publish","hentry"],"post_mailing_queue_ids":[],"_links":{"self":[{"href":"https:\/\/scvm-volleyball.de\/index.php?rest_route=\/wp\/v2\/pages\/19","targetHints":{"allow":["GET"]}}],"collection":[{"href":"https:\/\/scvm-volleyball.de\/index.php?rest_route=\/wp\/v2\/pages"}],"about":[{"href":"https:\/\/scvm-volleyball.de\/index.php?rest_route=\/wp\/v2\/types\/page"}],"author":[{"embeddable":true,"href":"https:\/\/scvm-volleyball.de\/index.php?rest_route=\/wp\/v2\/users\/1"}],"replies":[{"embeddable":true,"href":"https:\/\/scvm-volleyball.de\/index.php?rest_route=%2Fwp%2Fv2%2Fcomments&post=19"}],"version-history":[{"count":113,"href":"https:\/\/scvm-volleyball.de\/index.php?rest_route=\/wp\/v2\/pages\/19\/revisions"}],"predecessor-version":[{"id":2300,"href":"https:\/\/scvm-volleyball.de\/index.php?rest_route=\/wp\/v2\/pages\/19\/revisions\/2300"}],"up":[{"embeddable":true,"href":"https:\/\/scvm-volleyball.de\/index.php?rest_route=\/wp\/v2\/pages\/5"}],"wp:attachment":[{"href":"https:\/\/scvm-volleyball.de\/index.php?rest_route=%2Fwp%2Fv2%2Fmedia&parent=19"}],"curies":[{"name":"wp","href":"https:\/\/api.w.org\/{rel}","templated":true}]}}