{"id":132,"date":"2019-06-03T16:24:47","date_gmt":"2019-06-03T14:24:47","guid":{"rendered":"http:\/\/wolliballa.bplaced.net\/wordpress\/?page_id=132"},"modified":"2025-12-08T17:29:35","modified_gmt":"2025-12-08T16:29:35","slug":"volleyspiekers","status":"publish","type":"page","link":"https:\/\/scvm-volleyball.de\/?page_id=132","title":{"rendered":"Volleyspiekers"},"content":{"rendered":"\n<figure class=\"wp-block-image size-large\"><img decoding=\"async\" width=\"1024\" height=\"576\" src=\"https:\/\/scvm-volleyball.de\/wordpress\/wp-content\/uploads\/2020\/01\/IMG-20200104-WA0002-1024x576.jpg\" alt=\"\" class=\"wp-image-670\" srcset=\"https:\/\/scvm-volleyball.de\/wordpress\/wp-content\/uploads\/2020\/01\/IMG-20200104-WA0002-1024x576.jpg 1024w, https:\/\/scvm-volleyball.de\/wordpress\/wp-content\/uploads\/2020\/01\/IMG-20200104-WA0002-300x169.jpg 300w, https:\/\/scvm-volleyball.de\/wordpress\/wp-content\/uploads\/2020\/01\/IMG-20200104-WA0002-768x432.jpg 768w, https:\/\/scvm-volleyball.de\/wordpress\/wp-content\/uploads\/2020\/01\/IMG-20200104-WA0002-1536x864.jpg 1536w, https:\/\/scvm-volleyball.de\/wordpress\/wp-content\/uploads\/2020\/01\/IMG-20200104-WA0002.jpg 1599w\" sizes=\"(max-width: 767px) 89vw, (max-width: 1000px) 54vw, (max-width: 1071px) 543px, 580px\" \/><\/figure>\n\n\n\n<p>Wir sind eine Mixed-Mannschaft im Alter von 18 bis 65 Jahren und spielen aus Spa\u00df am Volleyball. Unsere Trainingszeit ist immer Dienstag von 19 \u2013 21 Uhr in der Halle F\u00fcnfhausen. Bei der <a href=\"https:\/\/scvm-volleyball.de\/?page_id=1212\" data-type=\"page\" data-id=\"1212\">Billerunde<\/a> sind wir auch dabei!<\/p>\n\n\n\n<p>Wenn du noch etwas \u00fcber unsere Mannschaft erfahren m\u00f6chtest, ruf mich gerne an. Alexander Dahms 0162\/3126476.<\/p>\n\n\n\n<figure class=\"wp-block-table\"><table><tbody><tr><td>Trainingszeit<\/td><td>Dienstag 19:00-21:00<\/td><\/tr><tr><td>Kontakt<\/td><td><a href=\"https:\/\/scvm-volleyball.de\/?page_id=32\" data-type=\"page\" data-id=\"32\">Lars R\u00fcffer<\/a><\/td><\/tr><tr><td>Halle<\/td><td><a href=\"https:\/\/scvm-volleyball.de\/wordpress\/?page_id=27\">Sporthalle F\u00fcnfhausen<\/a><\/td><\/tr><tr><td>Team Alter<\/td><td>ab 18 Jahren<\/td><\/tr><tr><td>Ambition<\/td><td>Mixed Volleyball<\/td><\/tr><\/tbody><\/table><\/figure>\n\n\n\n<p><\/p>\n","protected":false},"excerpt":{"rendered":"<p>Wir sind eine Mixed-Mannschaft im Alter von 18 bis 65 Jahren und spielen aus Spa\u00df am Volleyball. Unsere Trainingszeit ist immer Dienstag von 19 \u2013 21 Uhr in der Halle F\u00fcnfhausen. Bei der Billerunde sind wir auch dabei! Wenn du noch etwas \u00fcber unsere Mannschaft erfahren m\u00f6chtest, ruf mich gerne an. Alexander Dahms 0162\/3126476. Trainingszeit &hellip; <\/p>\n<p class=\"link-more\"><a href=\"https:\/\/scvm-volleyball.de\/?page_id=132\" class=\"more-link\"><span class=\"screen-reader-text\">\u201eVolleyspiekers\u201c <\/span>weiterlesen<\/a><\/p>\n","protected":false},"author":1,"featured_media":0,"parent":19,"menu_order":21,"comment_status":"open","ping_status":"closed","template":"","meta":{"footnotes":""},"class_list":["post-132","page","type-page","status-publish","hentry"],"post_mailing_queue_ids":[],"_links":{"self":[{"href":"https:\/\/scvm-volleyball.de\/index.php?rest_route=\/wp\/v2\/pages\/132","targetHints":{"allow":["GET"]}}],"collection":[{"href":"https:\/\/scvm-volleyball.de\/index.php?rest_route=\/wp\/v2\/pages"}],"about":[{"href":"https:\/\/scvm-volleyball.de\/index.php?rest_route=\/wp\/v2\/types\/page"}],"author":[{"embeddable":true,"href":"https:\/\/scvm-volleyball.de\/index.php?rest_route=\/wp\/v2\/users\/1"}],"replies":[{"embeddable":true,"href":"https:\/\/scvm-volleyball.de\/index.php?rest_route=%2Fwp%2Fv2%2Fcomments&post=132"}],"version-history":[{"count":12,"href":"https:\/\/scvm-volleyball.de\/index.php?rest_route=\/wp\/v2\/pages\/132\/revisions"}],"predecessor-version":[{"id":2239,"href":"https:\/\/scvm-volleyball.de\/index.php?rest_route=\/wp\/v2\/pages\/132\/revisions\/2239"}],"up":[{"embeddable":true,"href":"https:\/\/scvm-volleyball.de\/index.php?rest_route=\/wp\/v2\/pages\/19"}],"wp:attachment":[{"href":"https:\/\/scvm-volleyball.de\/index.php?rest_route=%2Fwp%2Fv2%2Fmedia&parent=132"}],"curies":[{"name":"wp","href":"https:\/\/api.w.org\/{rel}","templated":true}]}}